{"id":12,"date":"2024-06-24T13:12:20","date_gmt":"2024-06-24T11:12:20","guid":{"rendered":"https:\/\/www.pentainvestments.com\/?page_id=12"},"modified":"2024-07-01T13:34:55","modified_gmt":"2024-07-01T11:34:55","slug":"nase-spolocnosti","status":"publish","type":"page","link":"https:\/\/www.pentainvestments.com\/sk\/nase-spolocnosti\/","title":{"rendered":"Na\u0161e spolo\u010dnosti"},"content":{"rendered":"<p>V odvetviach, v ktor\u00fdch podnik\u00e1me, chceme patri\u0165 v inov\u00e1ci\u00e1ch, kvalite a efektivite k \u0161pi\u010dke. Staviame na podnikavosti a profesionalite, v na\u0161om podnikan\u00ed chceme ma\u0165 pozit\u00edvny vplyv na spolo\u010dnos\u0165.<\/p>\n","protected":false},"excerpt":{"rendered":"<p>V odvetviach, v ktor\u00fdch podnik\u00e1me, chceme patri\u0165 v inov\u00e1ci\u00e1ch, kvalite a efektivite k \u0161pi\u010dke. Staviame na podnikavosti a profesionalite, v na\u0161om podnikan\u00ed chceme ma\u0165 pozit\u00edvny vplyv na spolo\u010dnos\u0165.<\/p>\n","protected":false},"author":1,"featured_media":0,"parent":0,"menu_order":0,"comment_status":"closed","ping_status":"closed","template":"page-companies.php","meta":{"_acf_changed":false,"inline_featured_image":false,"footnotes":""},"class_list":["post-12","page","type-page","status-publish","hentry"],"acf":[],"yoast_head":"<!-- This site is optimized with the Yoast SEO plugin v27.5 - https:\/\/yoast.com\/product\/yoast-seo-wordpress\/ -->\n<title>Na\u0161e spolo\u010dnosti &#8212; Penta Investments<\/title>\n<meta name=\"robots\" content=\"index, follow, max-snippet:-1, max-image-preview:large, max-video-preview:-1\" \/>\n<link rel=\"canonical\" href=\"https:\/\/www.pentainvestments.com\/sk\/nase-spolocnosti\/\" \/>\n<meta property=\"og:locale\" content=\"sk_SK\" \/>\n<meta property=\"og:type\" content=\"article\" \/>\n<meta property=\"og:title\" content=\"Na\u0161e spolo\u010dnosti &#8212; Penta Investments\" \/>\n<meta property=\"og:description\" content=\"V odvetviach, v ktor\u00fdch podnik\u00e1me, chceme patri\u0165 v inov\u00e1ci\u00e1ch, kvalite a efektivite k \u0161pi\u010dke. Staviame na podnikavosti a profesionalite, v na\u0161om podnikan\u00ed chceme ma\u0165 pozit\u00edvny vplyv na spolo\u010dnos\u0165.\" \/>\n<meta property=\"og:url\" content=\"https:\/\/www.pentainvestments.com\/sk\/nase-spolocnosti\/\" \/>\n<meta property=\"og:site_name\" content=\"Penta Investments\" \/>\n<meta property=\"article:modified_time\" content=\"2024-07-01T11:34:55+00:00\" \/>\n<meta name=\"twitter:card\" content=\"summary_large_image\" \/>\n<meta name=\"twitter:label1\" content=\"Predpokladan\u00fd \u010das \u010d\u00edtania\" \/>\n\t<meta name=\"twitter:data1\" content=\"1 min\u00fata\" \/>\n<script type=\"application\/ld+json\" class=\"yoast-schema-graph\">{\"@context\":\"https:\\\/\\\/schema.org\",\"@graph\":[{\"@type\":\"WebPage\",\"@id\":\"https:\\\/\\\/www.pentainvestments.com\\\/sk\\\/nase-spolocnosti\\\/\",\"url\":\"https:\\\/\\\/www.pentainvestments.com\\\/sk\\\/nase-spolocnosti\\\/\",\"name\":\"Na\u0161e spolo\u010dnosti &#8212; Penta Investments\",\"isPartOf\":{\"@id\":\"https:\\\/\\\/www.pentainvestments.com\\\/en\\\/#website\"},\"datePublished\":\"2024-06-24T11:12:20+00:00\",\"dateModified\":\"2024-07-01T11:34:55+00:00\",\"breadcrumb\":{\"@id\":\"https:\\\/\\\/www.pentainvestments.com\\\/sk\\\/nase-spolocnosti\\\/#breadcrumb\"},\"inLanguage\":\"sk-SK\",\"potentialAction\":[{\"@type\":\"ReadAction\",\"target\":[\"https:\\\/\\\/www.pentainvestments.com\\\/sk\\\/nase-spolocnosti\\\/\"]}]},{\"@type\":\"BreadcrumbList\",\"@id\":\"https:\\\/\\\/www.pentainvestments.com\\\/sk\\\/nase-spolocnosti\\\/#breadcrumb\",\"itemListElement\":[{\"@type\":\"ListItem\",\"position\":1,\"name\":\"\",\"item\":\"https:\\\/\\\/www.pentainvestments.com\\\/sk\\\/\"},{\"@type\":\"ListItem\",\"position\":2,\"name\":\"Na\u0161e spolo\u010dnosti\"}]},{\"@type\":\"WebSite\",\"@id\":\"https:\\\/\\\/www.pentainvestments.com\\\/en\\\/#website\",\"url\":\"https:\\\/\\\/www.pentainvestments.com\\\/en\\\/\",\"name\":\"Penta Investments\",\"description\":\"\",\"potentialAction\":[{\"@type\":\"SearchAction\",\"target\":{\"@type\":\"EntryPoint\",\"urlTemplate\":\"https:\\\/\\\/www.pentainvestments.com\\\/en\\\/?s={search_term_string}\"},\"query-input\":{\"@type\":\"PropertyValueSpecification\",\"valueRequired\":true,\"valueName\":\"search_term_string\"}}],\"inLanguage\":\"sk-SK\"}]}<\/script>\n<!-- \/ Yoast SEO plugin. -->","yoast_head_json":{"title":"Na\u0161e spolo\u010dnosti &#8212; Penta Investments","robots":{"index":"index","follow":"follow","max-snippet":"max-snippet:-1","max-image-preview":"max-image-preview:large","max-video-preview":"max-video-preview:-1"},"canonical":"https:\/\/www.pentainvestments.com\/sk\/nase-spolocnosti\/","og_locale":"sk_SK","og_type":"article","og_title":"Na\u0161e spolo\u010dnosti &#8212; Penta Investments","og_description":"V odvetviach, v ktor\u00fdch podnik\u00e1me, chceme patri\u0165 v inov\u00e1ci\u00e1ch, kvalite a efektivite k \u0161pi\u010dke. Staviame na podnikavosti a profesionalite, v na\u0161om podnikan\u00ed chceme ma\u0165 pozit\u00edvny vplyv na spolo\u010dnos\u0165.","og_url":"https:\/\/www.pentainvestments.com\/sk\/nase-spolocnosti\/","og_site_name":"Penta Investments","article_modified_time":"2024-07-01T11:34:55+00:00","twitter_card":"summary_large_image","twitter_misc":{"Predpokladan\u00fd \u010das \u010d\u00edtania":"1 min\u00fata"},"schema":{"@context":"https:\/\/schema.org","@graph":[{"@type":"WebPage","@id":"https:\/\/www.pentainvestments.com\/sk\/nase-spolocnosti\/","url":"https:\/\/www.pentainvestments.com\/sk\/nase-spolocnosti\/","name":"Na\u0161e spolo\u010dnosti &#8212; Penta Investments","isPartOf":{"@id":"https:\/\/www.pentainvestments.com\/en\/#website"},"datePublished":"2024-06-24T11:12:20+00:00","dateModified":"2024-07-01T11:34:55+00:00","breadcrumb":{"@id":"https:\/\/www.pentainvestments.com\/sk\/nase-spolocnosti\/#breadcrumb"},"inLanguage":"sk-SK","potentialAction":[{"@type":"ReadAction","target":["https:\/\/www.pentainvestments.com\/sk\/nase-spolocnosti\/"]}]},{"@type":"BreadcrumbList","@id":"https:\/\/www.pentainvestments.com\/sk\/nase-spolocnosti\/#breadcrumb","itemListElement":[{"@type":"ListItem","position":1,"name":"","item":"https:\/\/www.pentainvestments.com\/sk\/"},{"@type":"ListItem","position":2,"name":"Na\u0161e spolo\u010dnosti"}]},{"@type":"WebSite","@id":"https:\/\/www.pentainvestments.com\/en\/#website","url":"https:\/\/www.pentainvestments.com\/en\/","name":"Penta Investments","description":"","potentialAction":[{"@type":"SearchAction","target":{"@type":"EntryPoint","urlTemplate":"https:\/\/www.pentainvestments.com\/en\/?s={search_term_string}"},"query-input":{"@type":"PropertyValueSpecification","valueRequired":true,"valueName":"search_term_string"}}],"inLanguage":"sk-SK"}]}},"_links":{"self":[{"href":"https:\/\/www.pentainvestments.com\/sk\/wp-json\/wp\/v2\/pages\/12","targetHints":{"allow":["GET"]}}],"collection":[{"href":"https:\/\/www.pentainvestments.com\/sk\/wp-json\/wp\/v2\/pages"}],"about":[{"href":"https:\/\/www.pentainvestments.com\/sk\/wp-json\/wp\/v2\/types\/page"}],"author":[{"embeddable":true,"href":"https:\/\/www.pentainvestments.com\/sk\/wp-json\/wp\/v2\/users\/1"}],"replies":[{"embeddable":true,"href":"https:\/\/www.pentainvestments.com\/sk\/wp-json\/wp\/v2\/comments?post=12"}],"version-history":[{"count":2,"href":"https:\/\/www.pentainvestments.com\/sk\/wp-json\/wp\/v2\/pages\/12\/revisions"}],"predecessor-version":[{"id":1294,"href":"https:\/\/www.pentainvestments.com\/sk\/wp-json\/wp\/v2\/pages\/12\/revisions\/1294"}],"wp:attachment":[{"href":"https:\/\/www.pentainvestments.com\/sk\/wp-json\/wp\/v2\/media?parent=12"}],"curies":[{"name":"wp","href":"https:\/\/api.w.org\/{rel}","templated":true}]}}