{"id":2936,"date":"2024-06-24T13:12:20","date_gmt":"2024-06-24T11:12:20","guid":{"rendered":"https:\/\/www.pentainvestments.com\/nase-spolocnosti\/"},"modified":"2024-11-30T15:46:10","modified_gmt":"2024-11-30T14:46:10","slug":"nase-spolocnosti","status":"publish","type":"page","link":"https:\/\/www.pentainvestments.com\/cs\/nase-spolocnosti\/","title":{"rendered":"Na\u0161e spole\u010dnosti"},"content":{"rendered":"<p>V odv\u011btv\u00edch, ve kter\u00fdch podnik\u00e1me, chceme b\u00fdt l\u00eddry v oblasti inovac\u00ed, kvality a efektivity. Stav\u00edme na podnikavosti a profesionalit\u011b, chceme m\u00edt v na\u0161em podnik\u00e1n\u00ed pozitivn\u00ed dopad na spole\u010dnost.<\/p>\n","protected":false},"excerpt":{"rendered":"<p>V odv\u011btv\u00edch, ve kter\u00fdch podnik\u00e1me, chceme b\u00fdt l\u00eddry v oblasti inovac\u00ed, kvality a efektivity. Stav\u00edme na podnikavosti a profesionalit\u011b, chceme m\u00edt v na\u0161em podnik\u00e1n\u00ed pozitivn\u00ed dopad na spole\u010dnost.<\/p>\n","protected":false},"author":1,"featured_media":0,"parent":0,"menu_order":0,"comment_status":"closed","ping_status":"closed","template":"page-companies.php","meta":{"_acf_changed":false,"inline_featured_image":false,"footnotes":""},"class_list":["post-2936","page","type-page","status-publish","hentry"],"acf":[],"yoast_head":"<!-- This site is optimized with the Yoast SEO plugin v27.5 - https:\/\/yoast.com\/product\/yoast-seo-wordpress\/ -->\n<title>Na\u0161e spole\u010dnosti &#8212; Penta Investments<\/title>\n<meta name=\"robots\" content=\"index, follow, max-snippet:-1, max-image-preview:large, max-video-preview:-1\" \/>\n<link rel=\"canonical\" href=\"https:\/\/www.pentainvestments.com\/cs\/nase-spolocnosti\/\" \/>\n<meta property=\"og:locale\" content=\"cs_CZ\" \/>\n<meta property=\"og:type\" content=\"article\" \/>\n<meta property=\"og:title\" content=\"Na\u0161e spole\u010dnosti &#8212; Penta Investments\" \/>\n<meta property=\"og:description\" content=\"V odv\u011btv\u00edch, ve kter\u00fdch podnik\u00e1me, chceme b\u00fdt l\u00eddry v oblasti inovac\u00ed, kvality a efektivity. Stav\u00edme na podnikavosti a profesionalit\u011b, chceme m\u00edt v na\u0161em podnik\u00e1n\u00ed pozitivn\u00ed dopad na spole\u010dnost.\" \/>\n<meta property=\"og:url\" content=\"https:\/\/www.pentainvestments.com\/cs\/nase-spolocnosti\/\" \/>\n<meta property=\"og:site_name\" content=\"Penta Investments\" \/>\n<meta property=\"article:modified_time\" content=\"2024-11-30T14:46:10+00:00\" \/>\n<meta name=\"twitter:card\" content=\"summary_large_image\" \/>\n<meta name=\"twitter:label1\" content=\"Odhadovan\u00e1 doba \u010dten\u00ed\" \/>\n\t<meta name=\"twitter:data1\" content=\"1 minuta\" \/>\n<script type=\"application\/ld+json\" class=\"yoast-schema-graph\">{\"@context\":\"https:\\\/\\\/schema.org\",\"@graph\":[{\"@type\":\"WebPage\",\"@id\":\"https:\\\/\\\/www.pentainvestments.com\\\/cs\\\/nase-spolocnosti\\\/\",\"url\":\"https:\\\/\\\/www.pentainvestments.com\\\/cs\\\/nase-spolocnosti\\\/\",\"name\":\"Na\u0161e spole\u010dnosti &#8212; Penta Investments\",\"isPartOf\":{\"@id\":\"https:\\\/\\\/www.pentainvestments.com\\\/en\\\/#website\"},\"datePublished\":\"2024-06-24T11:12:20+00:00\",\"dateModified\":\"2024-11-30T14:46:10+00:00\",\"breadcrumb\":{\"@id\":\"https:\\\/\\\/www.pentainvestments.com\\\/cs\\\/nase-spolocnosti\\\/#breadcrumb\"},\"inLanguage\":\"cs\",\"potentialAction\":[{\"@type\":\"ReadAction\",\"target\":[\"https:\\\/\\\/www.pentainvestments.com\\\/cs\\\/nase-spolocnosti\\\/\"]}]},{\"@type\":\"BreadcrumbList\",\"@id\":\"https:\\\/\\\/www.pentainvestments.com\\\/cs\\\/nase-spolocnosti\\\/#breadcrumb\",\"itemListElement\":[{\"@type\":\"ListItem\",\"position\":1,\"name\":\"\",\"item\":\"https:\\\/\\\/www.pentainvestments.com\\\/cs\\\/\"},{\"@type\":\"ListItem\",\"position\":2,\"name\":\"Na\u0161e spole\u010dnosti\"}]},{\"@type\":\"WebSite\",\"@id\":\"https:\\\/\\\/www.pentainvestments.com\\\/en\\\/#website\",\"url\":\"https:\\\/\\\/www.pentainvestments.com\\\/en\\\/\",\"name\":\"Penta Investments\",\"description\":\"\",\"potentialAction\":[{\"@type\":\"SearchAction\",\"target\":{\"@type\":\"EntryPoint\",\"urlTemplate\":\"https:\\\/\\\/www.pentainvestments.com\\\/en\\\/?s={search_term_string}\"},\"query-input\":{\"@type\":\"PropertyValueSpecification\",\"valueRequired\":true,\"valueName\":\"search_term_string\"}}],\"inLanguage\":\"cs\"}]}<\/script>\n<!-- \/ Yoast SEO plugin. -->","yoast_head_json":{"title":"Na\u0161e spole\u010dnosti &#8212; Penta Investments","robots":{"index":"index","follow":"follow","max-snippet":"max-snippet:-1","max-image-preview":"max-image-preview:large","max-video-preview":"max-video-preview:-1"},"canonical":"https:\/\/www.pentainvestments.com\/cs\/nase-spolocnosti\/","og_locale":"cs_CZ","og_type":"article","og_title":"Na\u0161e spole\u010dnosti &#8212; Penta Investments","og_description":"V odv\u011btv\u00edch, ve kter\u00fdch podnik\u00e1me, chceme b\u00fdt l\u00eddry v oblasti inovac\u00ed, kvality a efektivity. Stav\u00edme na podnikavosti a profesionalit\u011b, chceme m\u00edt v na\u0161em podnik\u00e1n\u00ed pozitivn\u00ed dopad na spole\u010dnost.","og_url":"https:\/\/www.pentainvestments.com\/cs\/nase-spolocnosti\/","og_site_name":"Penta Investments","article_modified_time":"2024-11-30T14:46:10+00:00","twitter_card":"summary_large_image","twitter_misc":{"Odhadovan\u00e1 doba \u010dten\u00ed":"1 minuta"},"schema":{"@context":"https:\/\/schema.org","@graph":[{"@type":"WebPage","@id":"https:\/\/www.pentainvestments.com\/cs\/nase-spolocnosti\/","url":"https:\/\/www.pentainvestments.com\/cs\/nase-spolocnosti\/","name":"Na\u0161e spole\u010dnosti &#8212; Penta Investments","isPartOf":{"@id":"https:\/\/www.pentainvestments.com\/en\/#website"},"datePublished":"2024-06-24T11:12:20+00:00","dateModified":"2024-11-30T14:46:10+00:00","breadcrumb":{"@id":"https:\/\/www.pentainvestments.com\/cs\/nase-spolocnosti\/#breadcrumb"},"inLanguage":"cs","potentialAction":[{"@type":"ReadAction","target":["https:\/\/www.pentainvestments.com\/cs\/nase-spolocnosti\/"]}]},{"@type":"BreadcrumbList","@id":"https:\/\/www.pentainvestments.com\/cs\/nase-spolocnosti\/#breadcrumb","itemListElement":[{"@type":"ListItem","position":1,"name":"","item":"https:\/\/www.pentainvestments.com\/cs\/"},{"@type":"ListItem","position":2,"name":"Na\u0161e spole\u010dnosti"}]},{"@type":"WebSite","@id":"https:\/\/www.pentainvestments.com\/en\/#website","url":"https:\/\/www.pentainvestments.com\/en\/","name":"Penta Investments","description":"","potentialAction":[{"@type":"SearchAction","target":{"@type":"EntryPoint","urlTemplate":"https:\/\/www.pentainvestments.com\/en\/?s={search_term_string}"},"query-input":{"@type":"PropertyValueSpecification","valueRequired":true,"valueName":"search_term_string"}}],"inLanguage":"cs"}]}},"_links":{"self":[{"href":"https:\/\/www.pentainvestments.com\/cs\/wp-json\/wp\/v2\/pages\/2936","targetHints":{"allow":["GET"]}}],"collection":[{"href":"https:\/\/www.pentainvestments.com\/cs\/wp-json\/wp\/v2\/pages"}],"about":[{"href":"https:\/\/www.pentainvestments.com\/cs\/wp-json\/wp\/v2\/types\/page"}],"author":[{"embeddable":true,"href":"https:\/\/www.pentainvestments.com\/cs\/wp-json\/wp\/v2\/users\/1"}],"replies":[{"embeddable":true,"href":"https:\/\/www.pentainvestments.com\/cs\/wp-json\/wp\/v2\/comments?post=2936"}],"version-history":[{"count":3,"href":"https:\/\/www.pentainvestments.com\/cs\/wp-json\/wp\/v2\/pages\/2936\/revisions"}],"predecessor-version":[{"id":3159,"href":"https:\/\/www.pentainvestments.com\/cs\/wp-json\/wp\/v2\/pages\/2936\/revisions\/3159"}],"wp:attachment":[{"href":"https:\/\/www.pentainvestments.com\/cs\/wp-json\/wp\/v2\/media?parent=2936"}],"curies":[{"name":"wp","href":"https:\/\/api.w.org\/{rel}","templated":true}]}}